{"id":23090,"date":"2021-09-03T14:36:08","date_gmt":"2021-09-03T19:36:08","guid":{"rendered":"https:\/\/destinationsbymelia.com\/?page_id=23090"},"modified":"2021-11-17T17:54:11","modified_gmt":"2021-11-17T22:54:11","slug":"email-terms-conditions-202109ny-freestay","status":"publish","type":"page","link":"https:\/\/destinationsbymelia.com\/es\/email-terms-conditions-202109ny-freestay\/","title":{"rendered":"CRM &#8211; 202109 Email INNSIDE NY Freestay"},"content":{"rendered":"<p><section data-vc-full-width=\"true\" data-vc-full-width-init=\"false\" data-vc-stretch-content=\"true\" data-parallax-background-ratio=\"0.5\" class=\"vc_row wpb_row vc_row-fluid  vc_custom_1630701283874 vc_row-has-fill pofo-stretch-content parallax\"><div class=\"bg-extra-dark-gray bg-overlay\" style=\"opacity:0.2; \"><\/div><div class=\"wpb_column vc_column_container vc_col-sm-12  col-xs-mobile-fullwidth\"><div class=\"vc_column-inner vc_custom_1630697221760\"><div class=\"wpb_wrapper\">[vc_empty_space height=\u00bb50px\u00bb]<span class=\"text-extra-dark-gray margin-20px-bottom font-weight-600 alt-font text-uppercase heading-style2  heading-2\"  style=\"font-size: 35px; font-weight: 700; color: #ffffff;\" data-fontsize=\"35px\"><\/p>\n<p><center>Terms &amp; Conditions<\/center><\/span>[vc_empty_space height=\u00bb50px\u00bb]<\/div><\/div><\/div><\/section><div class=\"vc_row-full-width vc_clearfix\"><\/div><section class=\"vc_row wpb_row vc_row-fluid  vc_custom_1630697751172 wow fadeIn\"><div class=\"wpb_column vc_column_container vc_col-sm-1 vc_hidden-sm col-xs-mobile-fullwidth sm-display-none\"><div class=\"vc_column-inner \"><div class=\"wpb_wrapper\"><\/div><\/div><\/div><div class=\"wpb_column vc_column_container vc_col-sm-1 vc_col-md-10 vc_col-xs-12\"><div class=\"vc_column-inner \"><div class=\"wpb_wrapper\"><div class=\" vc_custom_1637189630422 last-paragraph-no-margin\"><ul>\n<li>This offer is only available for guests who meet the following criteria: 25 years of age or older; hold a valid Credit Card in their name; schedule and complete participation at Destinations by Meli\u00e1 presentation in INNSiDE by Meli\u00e1 New York Nomad Hotel. If married or in a domestic partnership both, spouses or partners, must attend and complete the presentation together. If the guest meets the qualifications, there are no other obligations to take advantage of the promotion.<\/li>\n<li>This promotion includes the opportunity to enjoy a complimentary stay for two people, for up to four nights, at one of the following resorts in the Dominican Republic or Mexico: <i>Paradisus Grand Cana, Paradisus Canc\u00fan, Paradisus Playa del Carmen, Meli\u00e1 Caribe Beach, and Meli\u00e1 Punta Cana Beach<\/i>.<\/li>\n<li>All reservations are subject to availability.<\/li>\n<li>You are responsible for all applicable taxes, all inclusive fees, resort fees, security deposits, long-distance phone service, room service fees, meals, transportation, and any other items of a personal nature.<\/li>\n<li>Travel must be completed within 12 months of the date of the presentation. Reservation requests must be submitted at least 72 hours before the requested travel dates. Additional nights, weekends, and upgraded accommodations may be available at an additional cost.<\/li>\n<li>This promotion is limited to one reservation per family.<\/li>\n<li>This is an individual promotion that is neither cumulative nor transferable.<\/li>\n<li>This promotion is not exchangeable for cash.<\/li>\n<li>This promotion cannot be combined with other existing promotions.<\/li>\n<li>Promotion may be changed or withdrawn without prior notice.<\/li>\n<li>Promotion not valid for groups.<\/li>\n<li>Sol Melia VC Mexico S.A. de C.V., or any other affiliated company, shall not be liable for any loss, cancellation costs, delays, irregularities, accidents, injuries, damage to persons or property, indirect, incidental, special, or consequential damages, arising from, or in conjunction with interruptions due to nature, strikes, Acts of God, acts of war or terrorism, and other acts beyond its control.<\/li>\n<li>This promotion is provided throughout the U.S.; however, it is void where prohibited by law and where state regulation and\/or licensing requirements have not been met.<\/li>\n<\/ul>\n<\/div><\/div><\/div><\/div><div class=\"wpb_column vc_column_container vc_col-sm-1 vc_hidden-sm col-xs-mobile-fullwidth sm-display-none\"><div class=\"vc_column-inner \"><div class=\"wpb_wrapper\"><\/div><\/div><\/div><\/section><\/p>","protected":false},"excerpt":{"rendered":"[vc_empty_space height=\"50px\"] Terms &amp; Conditions[vc_empty_space height=\"50px\"] This offer is only available for guests who meet the following criteria: 25 years of age or older; hold a valid Credit Card in their name; schedule and complete participation at Destinations by Meli\u00e1 presentation in INNSiDE by Meli\u00e1 New York Nomad Hotel. If married or in a domestic partnership both, spouses or partners, must attend and complete the presentation together. If the guest meets the qualifications, there are no other obligations to take advantage of the promotion. This promotion includes the opportunity to enjoy a complimentary stay for two people, for up to four nights, at one of the following resorts in the Dominican Republic or Mexico: Paradisus Grand Cana, Paradisus Canc\u00fan, Paradisus Playa del Carmen, Meli\u00e1 Caribe Beach, and Meli\u00e1 Punta Cana Beach. All reservations are subject to availability. You are responsible for all applicable taxes, all inclusive fees, resort fees, security deposits, long-distance phone service, room service fees, meals, transportation, and any other items of a personal nature. Travel must be completed within 12 months of the date of the presentation. Reservation requests must be submitted at least 72 hours before the requested travel dates. Additional nights, weekends, and upgraded accommodations...","protected":false},"author":1,"featured_media":0,"parent":0,"menu_order":0,"comment_status":"closed","ping_status":"closed","template":"","meta":{"footnotes":""},"class_list":["post-23090","page","type-page","status-publish","hentry"],"_links":{"self":[{"href":"https:\/\/destinationsbymelia.com\/es\/wp-json\/wp\/v2\/pages\/23090","targetHints":{"allow":["GET"]}}],"collection":[{"href":"https:\/\/destinationsbymelia.com\/es\/wp-json\/wp\/v2\/pages"}],"about":[{"href":"https:\/\/destinationsbymelia.com\/es\/wp-json\/wp\/v2\/types\/page"}],"author":[{"embeddable":true,"href":"https:\/\/destinationsbymelia.com\/es\/wp-json\/wp\/v2\/users\/1"}],"replies":[{"embeddable":true,"href":"https:\/\/destinationsbymelia.com\/es\/wp-json\/wp\/v2\/comments?post=23090"}],"version-history":[{"count":55,"href":"https:\/\/destinationsbymelia.com\/es\/wp-json\/wp\/v2\/pages\/23090\/revisions"}],"predecessor-version":[{"id":23227,"href":"https:\/\/destinationsbymelia.com\/es\/wp-json\/wp\/v2\/pages\/23090\/revisions\/23227"}],"wp:attachment":[{"href":"https:\/\/destinationsbymelia.com\/es\/wp-json\/wp\/v2\/media?parent=23090"}],"curies":[{"name":"wp","href":"https:\/\/api.w.org\/{rel}","templated":true}]}}